{"id":113,"date":"2011-01-14T22:57:20","date_gmt":"2011-01-14T20:57:20","guid":{"rendered":"http:\/\/undulater.nu\/?page_id=113"},"modified":"2019-08-09T23:29:06","modified_gmt":"2019-08-09T21:29:06","slug":"reservationer","status":"publish","type":"page","link":"https:\/\/undulater.nu\/?page_id=113","title":{"rendered":"Reservationer"},"content":{"rendered":"<div id=\"pl-113\"  class=\"panel-layout\" ><div id=\"pg-113-0\"  class=\"panel-grid panel-has-style\" ><div class=\"panel-row-style panel-row-style-for-113-0\" ><div id=\"pgc-113-0-0\"  class=\"panel-grid-cell\" ><div id=\"panel-113-0-0-0\" class=\"so-panel widget widget_sow-editor panel-first-child panel-last-child\" data-index=\"0\" ><div\n\t\t\t\n\t\t\tclass=\"so-widget-sow-editor so-widget-sow-editor-base\"\n\t\t\t\n\t\t><h3 class=\"widget-title\">Reservationer<\/h3>\n<div class=\"siteorigin-widget-tinymce textwidget\">\n\t<p>Hvis du er interesseret i en undulatunge,vil jeg gerne skrive dig op til en.<\/p>\n<p>N\u00e5r ungerne er 6 uger gamle og klar til at flytte hjemmefra er de:\u00a0ringm\u00e6rket med \u00e5rsring fra LDF med mine initialer\u00a0og\u00a0 har v\u00e6ret i h\u00e6nder flere gange dagligt. Dette giver en rigtig god basis for at f\u00e5 en tam fugl.<\/p>\n<p>Det er dog ikke ensbetydende med, at du f\u00e5r en tam undulat, som der ikke skal arbejdes med, men det er en god start.<\/p>\n<p>Der er\u00a0ogs\u00e5 stor forskel p\u00e5 undulatunger. Nogle\u00a0er mere tillidsfulde, roligere og stille end andre.<\/p>\n<p>Hvis du \u00f8nsker\u00a0en bestemt farve\u00a0eller et bestemt k\u00f8n, pr\u00f8ver vi at finde ud af det.<\/p>\n<p>Jeg kan ikke med 100% sikkerhed\u00a0 bestemme k\u00f8nnet, da de er s\u00e5 sm\u00e5 endnu, men efterh\u00e5nden f\u00e5r man en vis erfaring\u00a0med at se forskel.<\/p>\n<p>Der er en enkelt undtagelse, hvis ungen er k\u00f8nsbunden, det kommer an p\u00e5 hvilken varitet den og for\u00e6ldrene er.<\/p>\n<p>Reserverede unger skal hentes s\u00e5 t\u00e6t p\u00e5 den dag hvor de er klar, som muligt. Jeg h\u00e5ndterer ikke ungerne ret meget efter de er blevet 6 uger, s\u00e5 for din egen skyld er det klart bedst, s\u00e5 ungen ikke n\u00e5r at blive for \"vild\"<\/p>\n<p>&nbsp;<\/p>\n<\/div>\n<\/div><\/div><\/div><\/div><\/div><\/div>","protected":false},"excerpt":{"rendered":"<p>Hvis du er interesseret i en undulatunge,vil jeg gerne skrive dig op til en. N\u00e5r ungerne er 6 uger gamle og klar til at flytte hjemmefra er de:\u00a0ringm\u00e6rket med \u00e5rsring fra LDF med mine initialer\u00a0og\u00a0 har v\u00e6ret i h\u00e6nder flere gange dagligt. Dette giver en rigtig god basis for at f\u00e5 en tam fugl. Det [&hellip;]<\/p>\n","protected":false},"author":2,"featured_media":0,"parent":0,"menu_order":4,"comment_status":"closed","ping_status":"closed","template":"","meta":{"footnotes":""},"class_list":["post-113","page","type-page","status-publish","hentry"],"_links":{"self":[{"href":"https:\/\/undulater.nu\/index.php?rest_route=\/wp\/v2\/pages\/113","targetHints":{"allow":["GET"]}}],"collection":[{"href":"https:\/\/undulater.nu\/index.php?rest_route=\/wp\/v2\/pages"}],"about":[{"href":"https:\/\/undulater.nu\/index.php?rest_route=\/wp\/v2\/types\/page"}],"author":[{"embeddable":true,"href":"https:\/\/undulater.nu\/index.php?rest_route=\/wp\/v2\/users\/2"}],"replies":[{"embeddable":true,"href":"https:\/\/undulater.nu\/index.php?rest_route=%2Fwp%2Fv2%2Fcomments&post=113"}],"version-history":[{"count":25,"href":"https:\/\/undulater.nu\/index.php?rest_route=\/wp\/v2\/pages\/113\/revisions"}],"predecessor-version":[{"id":1548,"href":"https:\/\/undulater.nu\/index.php?rest_route=\/wp\/v2\/pages\/113\/revisions\/1548"}],"wp:attachment":[{"href":"https:\/\/undulater.nu\/index.php?rest_route=%2Fwp%2Fv2%2Fmedia&parent=113"}],"curies":[{"name":"wp","href":"https:\/\/api.w.org\/{rel}","templated":true}]}}