{"id":123,"date":"2011-01-16T22:58:41","date_gmt":"2011-01-16T20:58:41","guid":{"rendered":"http:\/\/undulater.nu\/?page_id=123"},"modified":"2019-08-09T23:33:13","modified_gmt":"2019-08-09T21:33:13","slug":"mine-undulater","status":"publish","type":"page","link":"https:\/\/undulater.nu\/?page_id=123","title":{"rendered":"Mine undulater"},"content":{"rendered":"<div id=\"pl-123\"  class=\"panel-layout\" ><div id=\"pg-123-0\"  class=\"panel-grid panel-has-style\" ><div class=\"panel-row-style panel-row-style-for-123-0\" ><div id=\"pgc-123-0-0\"  class=\"panel-grid-cell\" ><div id=\"panel-123-0-0-0\" class=\"so-panel widget widget_sow-editor panel-first-child panel-last-child\" data-index=\"0\" ><div\n\t\t\t\n\t\t\tclass=\"so-widget-sow-editor so-widget-sow-editor-base\"\n\t\t\t\n\t\t><h3 class=\"widget-title\">Mine undulater<\/h3>\n<div class=\"siteorigin-widget-tinymce textwidget\">\n\t<div>Jeg har b\u00e5de australske og engelske undulater i volieren.<\/div>\n<div>Undulaterne f\u00e5r selv lov til at finde sammen, dog pr\u00f8ver jeg p\u00e5 at undg\u00e5 at engelske og australske finder sammen. Indavl holder jeg mig\u00a0ogs\u00e5 langt\u00a0fra.<\/div>\n<div>Endnu har intet af ovenst\u00e5ende v\u00e6ret et problem.<\/div>\n<div>Jeg benytter ynglebure og hvert par f\u00e5r maksimalt lov til at f\u00e5 2 kuld hver, for ikke at dr\u00e6ne hunnen for kalk og kr\u00e6fter.<\/div>\n<div>Jeg laver mit eget opmadningsfoder i yngleperioden, s\u00e5 jeg er sikker p\u00e5 at ynglepar og unger f\u00e5r hvad de har behov f\u00e5r.<\/div>\n<div>Jeg ringm\u00e6rker alle unger, mest for at kunne kende forskel p\u00e5 dem. ( Har haft unger som var sv\u00e6re at se forskel p\u00e5)<\/div>\n<div style=\"text-align: left;\">\n<p>Der er endu en fordel ved at ringm\u00e6rke. LDF har numrene p\u00e5 alle de ringe de har solgt til mig, s\u00e5 hvis der en dag bliver fundet en vildtfl\u00f8jen undulat, kan jeg se hvem jeg har solgt undulaten til. S\u00e5 p\u00e5 den m\u00e5de kan man f\u00e5 sin undulat tilbage, hvis uheldet skulle v\u00e6re ude. Det er dog desv\u00e6rre kun i f\u00e5 tilf\u00e6lde at det har lykkedes at f\u00e5 sin undulat tilbage, langt de fleste g\u00e5r tabt i naturen...<\/p>\n<\/div>\n<\/div>\n<\/div><\/div><\/div><\/div><\/div><\/div>","protected":false},"excerpt":{"rendered":"<p>Jeg har b\u00e5de australske og engelske undulater i volieren. Undulaterne f\u00e5r selv lov til at finde sammen, dog pr\u00f8ver jeg p\u00e5 at undg\u00e5 at engelske og australske finder sammen. Indavl holder jeg mig\u00a0ogs\u00e5 langt\u00a0fra. Endnu har intet af ovenst\u00e5ende v\u00e6ret et problem. Jeg benytter ynglebure og hvert par f\u00e5r maksimalt lov til at f\u00e5 2 [&hellip;]<\/p>\n","protected":false},"author":2,"featured_media":0,"parent":0,"menu_order":6,"comment_status":"closed","ping_status":"closed","template":"","meta":{"footnotes":""},"class_list":["post-123","page","type-page","status-publish","hentry"],"_links":{"self":[{"href":"https:\/\/undulater.nu\/index.php?rest_route=\/wp\/v2\/pages\/123","targetHints":{"allow":["GET"]}}],"collection":[{"href":"https:\/\/undulater.nu\/index.php?rest_route=\/wp\/v2\/pages"}],"about":[{"href":"https:\/\/undulater.nu\/index.php?rest_route=\/wp\/v2\/types\/page"}],"author":[{"embeddable":true,"href":"https:\/\/undulater.nu\/index.php?rest_route=\/wp\/v2\/users\/2"}],"replies":[{"embeddable":true,"href":"https:\/\/undulater.nu\/index.php?rest_route=%2Fwp%2Fv2%2Fcomments&post=123"}],"version-history":[{"count":92,"href":"https:\/\/undulater.nu\/index.php?rest_route=\/wp\/v2\/pages\/123\/revisions"}],"predecessor-version":[{"id":1550,"href":"https:\/\/undulater.nu\/index.php?rest_route=\/wp\/v2\/pages\/123\/revisions\/1550"}],"wp:attachment":[{"href":"https:\/\/undulater.nu\/index.php?rest_route=%2Fwp%2Fv2%2Fmedia&parent=123"}],"curies":[{"name":"wp","href":"https:\/\/api.w.org\/{rel}","templated":true}]}}