{"id":1514,"date":"2019-08-08T19:57:23","date_gmt":"2019-08-08T17:57:23","guid":{"rendered":"https:\/\/undulater.nu\/?page_id=1514"},"modified":"2021-06-06T11:54:28","modified_gmt":"2021-06-06T09:54:28","slug":"forside","status":"publish","type":"page","link":"https:\/\/undulater.nu\/","title":{"rendered":"Forside"},"content":{"rendered":"<div id=\"pl-1514\"  class=\"panel-layout\" ><div id=\"pg-1514-0\"  class=\"panel-grid panel-no-style\" ><div id=\"pgc-1514-0-0\"  class=\"panel-grid-cell\" ><div id=\"panel-1514-0-0-0\" class=\"so-panel widget widget_sow-editor panel-first-child panel-last-child\" data-index=\"0\" ><div class=\"panel-widget-style panel-widget-style-for-1514-0-0-0\" ><div\n\t\t\t\n\t\t\tclass=\"so-widget-sow-editor so-widget-sow-editor-base\"\n\t\t\t\n\t\t><h3 class=\"widget-title\">Forside<\/h3>\n<div class=\"siteorigin-widget-tinymce textwidget\">\n\t<h1 style=\"text-align: center;\">En hjemmeside hvor du kan se og l\u00e6se lidt om min store lidenskab, undulater<\/h1>\n<p>&nbsp;<\/p>\n<p>Jeg startede med undulater for ca 15 \u00e5r siden, da en bekendt skulle flytte og hun kunne ikke have sin lille undulat med.<\/p>\n<p>Jeg tilb\u00f8d s\u00e5 at fors\u00f8ge at tage den med hjem til mine barrabandparakitter. Det gik rigtig fint, men s\u00e5 skulle han jo have sig en mage.<\/p>\n<p>K\u00f8bte s\u00e5 en unge, som senere viste sig at v\u00e6re en han.<\/p>\n<p>Jamen s\u00e5 m\u00e5tte jeg jo s\u00e5 bare k\u00f8be 2 hunner.<\/p>\n<p>Kort tid efter tilb\u00f8d min mand s\u00e5 at lave en separat voliere til undulaterne. Og derfra, gik det s\u00e5 st\u00e6rkt. Ynglede med nogle og k\u00f8bte nye til, s\u00e5 tilsidst m\u00e5tte vi s\u00e5 udvide volieren.<\/p>\n<p>Og hobbyen med undulater holder selvf\u00f8lgelig stadig ved.<\/p>\n<p>&nbsp;<\/p>\n<p>&nbsp;<\/p>\n<\/div>\n<\/div><\/div><\/div><\/div><\/div><\/div>","protected":false},"excerpt":{"rendered":"<p>En hjemmeside hvor du kan se og l\u00e6se lidt om min store lidenskab, undulater &nbsp; Jeg startede med undulater for ca 15 \u00e5r siden, da en bekendt skulle flytte og hun kunne ikke have sin lille undulat med. Jeg tilb\u00f8d s\u00e5 at fors\u00f8ge at tage den med hjem til mine barrabandparakitter. Det gik rigtig fint, [&hellip;]<\/p>\n","protected":false},"author":4,"featured_media":0,"parent":0,"menu_order":0,"comment_status":"closed","ping_status":"closed","template":"","meta":{"footnotes":""},"class_list":["post-1514","page","type-page","status-publish","hentry"],"_links":{"self":[{"href":"https:\/\/undulater.nu\/index.php?rest_route=\/wp\/v2\/pages\/1514","targetHints":{"allow":["GET"]}}],"collection":[{"href":"https:\/\/undulater.nu\/index.php?rest_route=\/wp\/v2\/pages"}],"about":[{"href":"https:\/\/undulater.nu\/index.php?rest_route=\/wp\/v2\/types\/page"}],"author":[{"embeddable":true,"href":"https:\/\/undulater.nu\/index.php?rest_route=\/wp\/v2\/users\/4"}],"replies":[{"embeddable":true,"href":"https:\/\/undulater.nu\/index.php?rest_route=%2Fwp%2Fv2%2Fcomments&post=1514"}],"version-history":[{"count":10,"href":"https:\/\/undulater.nu\/index.php?rest_route=\/wp\/v2\/pages\/1514\/revisions"}],"predecessor-version":[{"id":1612,"href":"https:\/\/undulater.nu\/index.php?rest_route=\/wp\/v2\/pages\/1514\/revisions\/1612"}],"wp:attachment":[{"href":"https:\/\/undulater.nu\/index.php?rest_route=%2Fwp%2Fv2%2Fmedia&parent=1514"}],"curies":[{"name":"wp","href":"https:\/\/api.w.org\/{rel}","templated":true}]}}