{"id":189,"date":"2011-02-01T14:12:20","date_gmt":"2011-02-01T12:12:20","guid":{"rendered":"http:\/\/undulater.nu\/?page_id=189"},"modified":"2019-08-09T23:38:07","modified_gmt":"2019-08-09T21:38:07","slug":"links","status":"publish","type":"page","link":"https:\/\/undulater.nu\/?page_id=189","title":{"rendered":"Links"},"content":{"rendered":"<div id=\"pl-189\"  class=\"panel-layout\" ><div id=\"pg-189-0\"  class=\"panel-grid panel-no-style\" ><div id=\"pgc-189-0-0\"  class=\"panel-grid-cell\" ><div id=\"panel-189-0-0-0\" class=\"so-panel widget widget_sow-editor panel-first-child panel-last-child\" data-index=\"0\" ><div class=\"panel-widget-style panel-widget-style-for-189-0-0-0\" ><div\n\t\t\t\n\t\t\tclass=\"so-widget-sow-editor so-widget-sow-editor-base\"\n\t\t\t\n\t\t><h3 class=\"widget-title\">Links<\/h3>\n<div class=\"siteorigin-widget-tinymce textwidget\">\n\t<p><span style=\"color: #0000ff;\">\u00a0<\/span><\/p>\n<p><a href=\"http:\/\/www.undulatsiderne.dk\"><span style=\"color: #0000ff;\">www.undulatsiderne.dk<\/span><\/a><\/p>\n<p>Er en side man slet ikke kan undv\u00e6re som undulatejer. Der st\u00e5r s\u00e5 meget omkring undulater.\u00a0 Der kan man ogs\u00e5 melde sig ind p\u00e5 Nordisk undulatforum, hvor der er en masse s\u00f8de mennesker klar med hj\u00e6lp, tips og gode r\u00e5d.<\/p>\n<p>&nbsp;<\/p>\n<p>&nbsp;<\/p>\n<p>.<\/p>\n<p>&nbsp;<\/p>\n<\/div>\n<\/div><\/div><\/div><\/div><\/div><\/div>","protected":false},"excerpt":{"rendered":"<p>\u00a0 www.undulatsiderne.dk Er en side man slet ikke kan undv\u00e6re som undulatejer. Der st\u00e5r s\u00e5 meget omkring undulater.\u00a0 Der kan man ogs\u00e5 melde sig ind p\u00e5 Nordisk undulatforum, hvor der er en masse s\u00f8de mennesker klar med hj\u00e6lp, tips og gode r\u00e5d. &nbsp; &nbsp; . &nbsp;<\/p>\n","protected":false},"author":2,"featured_media":0,"parent":0,"menu_order":8,"comment_status":"closed","ping_status":"closed","template":"","meta":{"footnotes":""},"class_list":["post-189","page","type-page","status-publish","hentry"],"_links":{"self":[{"href":"https:\/\/undulater.nu\/index.php?rest_route=\/wp\/v2\/pages\/189","targetHints":{"allow":["GET"]}}],"collection":[{"href":"https:\/\/undulater.nu\/index.php?rest_route=\/wp\/v2\/pages"}],"about":[{"href":"https:\/\/undulater.nu\/index.php?rest_route=\/wp\/v2\/types\/page"}],"author":[{"embeddable":true,"href":"https:\/\/undulater.nu\/index.php?rest_route=\/wp\/v2\/users\/2"}],"replies":[{"embeddable":true,"href":"https:\/\/undulater.nu\/index.php?rest_route=%2Fwp%2Fv2%2Fcomments&post=189"}],"version-history":[{"count":18,"href":"https:\/\/undulater.nu\/index.php?rest_route=\/wp\/v2\/pages\/189\/revisions"}],"predecessor-version":[{"id":1555,"href":"https:\/\/undulater.nu\/index.php?rest_route=\/wp\/v2\/pages\/189\/revisions\/1555"}],"wp:attachment":[{"href":"https:\/\/undulater.nu\/index.php?rest_route=%2Fwp%2Fv2%2Fmedia&parent=189"}],"curies":[{"name":"wp","href":"https:\/\/api.w.org\/{rel}","templated":true}]}}