{"id":79,"date":"2011-01-09T19:20:17","date_gmt":"2011-01-09T17:20:17","guid":{"rendered":"http:\/\/undulater.nu\/?page_id=79"},"modified":"2019-08-18T20:35:09","modified_gmt":"2019-08-18T18:35:09","slug":"hvem-er-jeg","status":"publish","type":"page","link":"https:\/\/undulater.nu\/?page_id=79","title":{"rendered":"Hvem er jeg"},"content":{"rendered":"<div id=\"pl-79\"  class=\"panel-layout\" ><div id=\"pg-79-0\"  class=\"panel-grid panel-no-style\" ><div id=\"pgc-79-0-0\"  class=\"panel-grid-cell\" ><div class=\"panel-cell-style panel-cell-style-for-79-0-0\" ><div id=\"panel-79-0-0-0\" class=\"so-panel widget widget_sow-editor panel-first-child panel-last-child\" data-index=\"0\" ><div class=\"panel-widget-style panel-widget-style-for-79-0-0-0\" ><div\n\t\t\t\n\t\t\tclass=\"so-widget-sow-editor so-widget-sow-editor-base\"\n\t\t\t\n\t\t><h3 class=\"widget-title\">Hvem er jeg<\/h3>\n<div class=\"siteorigin-widget-tinymce textwidget\">\n\t<p>Jeg hedder Christina og bor sammen med min mand\u00a0 og 2 drenge p\u00e5 14 og 18 \u00e5r.<\/p>\n<p>Vi bor i en lille landsby udenfor Slagelse.<\/p>\n<p>Hele familien er meget glade for dyr, s\u00e5 vi har hund, katte, kaniner, fisk, 3 Barraband parakitter, 5 Nymfeparakitter og s\u00e5 selvf\u00f8lgelig mine sk\u00f8nne undulater.<\/p>\n<p>Vi har\u00a02 tamme undulater i stuen:<\/p>\n<p>Freddy som er Australskbroget viol, han kan sige mange ord.<\/p>\n<p>Tjalfe som er Dansk dominant gulmasket gr\u00e5.\u00a0 De er begge engelske.<\/p>\n<p>Derudover har jeg en udend\u00f8rs voliere, hvor der er\u00a0adgang til en opvarmet voliere, s\u00e5 undulaterne selv kan bestemme, om de vil v\u00e6re ude eller inde.<\/p>\n<p>Fuglene\u00a0i volieren er ikke tamme, men heller ikke bange for mennesker. Der er dog nogle stykker som gerne vil sidde p\u00e5 mig eller min finger og f\u00e5 en hyggesnak.<br \/>\n<a href=\"http:\/\/undulater.nu\/?attachment_id=1199\" rel=\"attachment wp-att-1199\"><img loading=\"lazy\" decoding=\"async\" class=\"alignnone size-medium wp-image-1199\" src=\"http:\/\/undulater.nu\/wp-content\/uploads\/Billeder-iphone-23-10-2014-026-640x480-300x225.jpg\" alt=\"Billeder iphone 23-10-2014 026 (640x480)\" width=\"300\" height=\"225\" srcset=\"https:\/\/undulater.nu\/wp-content\/uploads\/Billeder-iphone-23-10-2014-026-640x480-300x225.jpg 300w, https:\/\/undulater.nu\/wp-content\/uploads\/Billeder-iphone-23-10-2014-026-640x480.jpg 640w\" sizes=\"auto, (max-width: 300px) 100vw, 300px\" \/><\/a><a href=\"http:\/\/undulater.nu\/?attachment_id=1259\" rel=\"attachment wp-att-1259\"><img loading=\"lazy\" decoding=\"async\" class=\"alignnone size-medium wp-image-1259\" src=\"http:\/\/undulater.nu\/wp-content\/uploads\/007-640x4271-300x200.jpg\" alt=\"007 (640x427)\" width=\"300\" height=\"200\" srcset=\"https:\/\/undulater.nu\/wp-content\/uploads\/007-640x4271-300x200.jpg 300w, https:\/\/undulater.nu\/wp-content\/uploads\/007-640x4271.jpg 640w\" sizes=\"auto, (max-width: 300px) 100vw, 300px\" \/><\/a><a href=\"https:\/\/undulater.nu\/?attachment_id=1398\" rel=\"attachment wp-att-1398\"><img loading=\"lazy\" decoding=\"async\" class=\"alignnone size-medium wp-image-1398\" src=\"https:\/\/undulater.nu\/wp-content\/uploads\/IMG_1653-300x225.jpg\" alt=\"\" width=\"300\" height=\"225\" srcset=\"https:\/\/undulater.nu\/wp-content\/uploads\/IMG_1653-300x225.jpg 300w, https:\/\/undulater.nu\/wp-content\/uploads\/IMG_1653-768x576.jpg 768w, https:\/\/undulater.nu\/wp-content\/uploads\/IMG_1653-1024x768.jpg 1024w\" sizes=\"auto, (max-width: 300px) 100vw, 300px\" \/><\/a><a href=\"https:\/\/undulater.nu\/?attachment_id=1399\" rel=\"attachment wp-att-1399\"><img loading=\"lazy\" decoding=\"async\" class=\"alignnone size-medium wp-image-1399\" src=\"https:\/\/undulater.nu\/wp-content\/uploads\/IMG_2001-169x300.png\" alt=\"\" width=\"169\" height=\"300\" srcset=\"https:\/\/undulater.nu\/wp-content\/uploads\/IMG_2001-169x300.png 169w, https:\/\/undulater.nu\/wp-content\/uploads\/IMG_2001-577x1024.png 577w, https:\/\/undulater.nu\/wp-content\/uploads\/IMG_2001.png 640w\" sizes=\"auto, (max-width: 169px) 100vw, 169px\" \/><\/a><\/p>\n<\/div>\n<\/div><\/div><\/div><\/div><\/div><\/div><\/div>","protected":false},"excerpt":{"rendered":"<p>Jeg hedder Christina og bor sammen med min mand\u00a0 og 2 drenge p\u00e5 14 og 18 \u00e5r. Vi bor i en lille landsby udenfor Slagelse. Hele familien er meget glade for dyr, s\u00e5 vi har hund, katte, kaniner, fisk, 3 Barraband parakitter, 5 Nymfeparakitter og s\u00e5 selvf\u00f8lgelig mine sk\u00f8nne undulater. Vi har\u00a02 tamme undulater i [&hellip;]<\/p>\n","protected":false},"author":2,"featured_media":0,"parent":0,"menu_order":0,"comment_status":"closed","ping_status":"closed","template":"","meta":{"footnotes":""},"class_list":["post-79","page","type-page","status-publish","hentry"],"_links":{"self":[{"href":"https:\/\/undulater.nu\/index.php?rest_route=\/wp\/v2\/pages\/79","targetHints":{"allow":["GET"]}}],"collection":[{"href":"https:\/\/undulater.nu\/index.php?rest_route=\/wp\/v2\/pages"}],"about":[{"href":"https:\/\/undulater.nu\/index.php?rest_route=\/wp\/v2\/types\/page"}],"author":[{"embeddable":true,"href":"https:\/\/undulater.nu\/index.php?rest_route=\/wp\/v2\/users\/2"}],"replies":[{"embeddable":true,"href":"https:\/\/undulater.nu\/index.php?rest_route=%2Fwp%2Fv2%2Fcomments&post=79"}],"version-history":[{"count":67,"href":"https:\/\/undulater.nu\/index.php?rest_route=\/wp\/v2\/pages\/79\/revisions"}],"predecessor-version":[{"id":1563,"href":"https:\/\/undulater.nu\/index.php?rest_route=\/wp\/v2\/pages\/79\/revisions\/1563"}],"wp:attachment":[{"href":"https:\/\/undulater.nu\/index.php?rest_route=%2Fwp%2Fv2%2Fmedia&parent=79"}],"curies":[{"name":"wp","href":"https:\/\/api.w.org\/{rel}","templated":true}]}}