{"id":95,"date":"2011-01-14T22:46:29","date_gmt":"2011-01-14T20:46:29","guid":{"rendered":"http:\/\/undulater.nu\/?page_id=95"},"modified":"2019-09-25T14:12:22","modified_gmt":"2019-09-25T12:12:22","slug":"undulatunger","status":"publish","type":"page","link":"https:\/\/undulater.nu\/?page_id=95","title":{"rendered":"Undulatunger"},"content":{"rendered":"<div id=\"pl-95\"  class=\"panel-layout\" ><div id=\"pg-95-0\"  class=\"panel-grid panel-no-style\" ><div id=\"pgc-95-0-0\"  class=\"panel-grid-cell panel-grid-cell-empty panel-grid-cell-mobile-last\" ><\/div><div id=\"pgc-95-0-1\"  class=\"panel-grid-cell panel-grid-cell-empty\" ><\/div><\/div><div id=\"pg-95-1\"  class=\"panel-grid panel-has-style\" ><div class=\"panel-row-style panel-row-style-for-95-1\" ><div id=\"pgc-95-1-0\"  class=\"panel-grid-cell\" ><div id=\"panel-95-1-0-0\" class=\"so-panel widget widget_sow-editor panel-first-child panel-last-child\" data-index=\"0\" ><div\n\t\t\t\n\t\t\tclass=\"so-widget-sow-editor so-widget-sow-editor-base\"\n\t\t\t\n\t\t><h3 class=\"widget-title\">Amidala (Gulmasket viol Isabel) og Kaptajn Bl\u00e5 (Himmelbl\u00e5 Spangle)<\/h3>\n<div class=\"siteorigin-widget-tinymce textwidget\">\n\t<p><img loading=\"lazy\" decoding=\"async\" class=\"alignleft size-medium wp-image-1426\" src=\"https:\/\/undulater.nu\/wp-content\/uploads\/DSC02184-e1535478198878-225x300.jpg\" alt=\"\" width=\"225\" height=\"300\" srcset=\"https:\/\/undulater.nu\/wp-content\/uploads\/DSC02184-e1535478198878-225x300.jpg 225w, https:\/\/undulater.nu\/wp-content\/uploads\/DSC02184-e1535478198878-768x1024.jpg 768w\" sizes=\"auto, (max-width: 225px) 100vw, 225px\" \/><img loading=\"lazy\" decoding=\"async\" class=\"alignleft size-medium wp-image-1446\" src=\"https:\/\/undulater.nu\/wp-content\/uploads\/DSC02181-e1535478367202-225x300.jpg\" alt=\"\" width=\"225\" height=\"300\" srcset=\"https:\/\/undulater.nu\/wp-content\/uploads\/DSC02181-e1535478367202-225x300.jpg 225w, https:\/\/undulater.nu\/wp-content\/uploads\/DSC02181-e1535478367202-768x1024.jpg 768w\" sizes=\"auto, (max-width: 225px) 100vw, 225px\" \/><\/p>\n<p>&nbsp;<\/p>\n<\/div>\n<\/div><\/div><\/div><div id=\"pgc-95-1-1\"  class=\"panel-grid-cell\" ><div id=\"panel-95-1-1-0\" class=\"so-panel widget widget_sow-editor panel-first-child panel-last-child\" data-index=\"1\" ><div\n\t\t\t\n\t\t\tclass=\"so-widget-sow-editor so-widget-sow-editor-base\"\n\t\t\t\n\t\t><h3 class=\"widget-title\">Opstart 7 August 2019<\/h3>\n<div class=\"siteorigin-widget-tinymce textwidget\">\n\t<p>Begge undulater er engelske\u00a0\u00a0\u00a0\u00a0\u00a0\u00a0\u00a0\u00a0\u00a0\u00a0\u00a0\u00a0\u00a0\u00a0\u00a0\u00a0\u00a0\u00a0\u00a0\u00a0\u00a0\u00a0\u00a0\u00a0\u00a0\u00a0\u00a0\u00a0\u00a0\u00a0\u00a0\u00a0\u00a0\u00a0\u00a0\u00a0\u00a0\u00a0\u00a0\u00a0\u00a0\u00a0\u00a0\u00a0\u00a0\u00a0\u00a0\u00a0\u00a0\u00a0\u00a0\u00a0\u00a0\u00a0\u00a0\u00a0\u00a0\u00a0\u00a0\u00a0\u00a0\u00a0\u00a0\u00a0\u00a0\u00a0\u00a0\u00a0\u00a0\u00a0\u00a0\u00a0\u00a0\u00a0\u00a0\u00a0\u00a0\u00a0\u00a0\u00a0\u00a0\u00a0\u00a0\u00a0\u00a0\u00a0\u00a0\u00a0\u00a0\u00a0\u00a0\u00a0\u00a0\u00a0\u00a0\u00a0\u00a0\u00a0\u00a0\u00a0 <img loading=\"lazy\" decoding=\"async\" class=\"alignleft size-medium wp-image-1601\" src=\"https:\/\/undulater.nu\/wp-content\/uploads\/E940AD9D-4A16-42ED-BD3B-F04BE1C2FEFA-e1569413342904-225x300.jpeg\" alt=\"\" width=\"225\" height=\"300\" srcset=\"https:\/\/undulater.nu\/wp-content\/uploads\/E940AD9D-4A16-42ED-BD3B-F04BE1C2FEFA-e1569413342904-225x300.jpeg 225w, https:\/\/undulater.nu\/wp-content\/uploads\/E940AD9D-4A16-42ED-BD3B-F04BE1C2FEFA-e1569413342904-768x1024.jpeg 768w\" sizes=\"auto, (max-width: 225px) 100vw, 225px\" \/><\/p>\n<p>1 \u00e6g er lagt 17\/8<\/p>\n<p>2 \u00e6g er lagt 19\/8<\/p>\n<p>3 \u00e6g er lagt 26\/8<\/p>\n<p>4 \u00e6g er lagt 28\/8<\/p>\n<p>5 \u00e6g er lagt 30\/<\/p>\n<p>6 \u00e6g er lagt 1\/9<\/p>\n<p>1 \u00e6g kl\u00e6kket 19\/9<\/p>\n<p>2 \u00e6g er kl\u00e6kket 23\/9<\/p>\n<p>&nbsp;<\/p>\n<\/div>\n<\/div><\/div><\/div><\/div><\/div><div id=\"pg-95-2\"  class=\"panel-grid panel-has-style\" ><div class=\"panel-row-style panel-row-style-for-95-2\" ><div id=\"pgc-95-2-0\"  class=\"panel-grid-cell\" ><div id=\"panel-95-2-0-0\" class=\"so-panel widget widget_sow-editor panel-first-child panel-last-child\" data-index=\"2\" ><div\n\t\t\t\n\t\t\tclass=\"so-widget-sow-editor so-widget-sow-editor-base\"\n\t\t\t\n\t\t><h3 class=\"widget-title\">Fenja (Gr\u00e5 Isabel)  og Tjalfe (Dansk Dominant Gulmasket Gr\u00e5)<\/h3>\n<div class=\"siteorigin-widget-tinymce textwidget\">\n\t<p><img loading=\"lazy\" decoding=\"async\" class=\"size-medium wp-image-1464 alignleft\" src=\"https:\/\/undulater.nu\/wp-content\/uploads\/A6F2EC35-FB36-4FFC-B3B4-2D9CFBF3E044-e1565243967381-225x300.jpeg\" alt=\"\" width=\"225\" height=\"300\" srcset=\"https:\/\/undulater.nu\/wp-content\/uploads\/A6F2EC35-FB36-4FFC-B3B4-2D9CFBF3E044-e1565243967381-225x300.jpeg 225w, https:\/\/undulater.nu\/wp-content\/uploads\/A6F2EC35-FB36-4FFC-B3B4-2D9CFBF3E044-e1565243967381-768x1024.jpeg 768w\" sizes=\"auto, (max-width: 225px) 100vw, 225px\" \/><img loading=\"lazy\" decoding=\"async\" class=\"size-medium wp-image-1467 alignleft\" src=\"https:\/\/undulater.nu\/wp-content\/uploads\/643C0914-A55D-4ACD-A55F-0C8F3BF45A11-e1565244957465-225x300.jpeg\" alt=\"\" width=\"225\" height=\"300\" srcset=\"https:\/\/undulater.nu\/wp-content\/uploads\/643C0914-A55D-4ACD-A55F-0C8F3BF45A11-e1565244957465-225x300.jpeg 225w, https:\/\/undulater.nu\/wp-content\/uploads\/643C0914-A55D-4ACD-A55F-0C8F3BF45A11-e1565244957465-768x1024.jpeg 768w\" sizes=\"auto, (max-width: 225px) 100vw, 225px\" \/><\/p>\n<\/div>\n<\/div><\/div><\/div><div id=\"pgc-95-2-1\"  class=\"panel-grid-cell\" ><div id=\"panel-95-2-1-0\" class=\"so-panel widget widget_sow-editor panel-first-child panel-last-child\" data-index=\"3\" ><div\n\t\t\t\n\t\t\tclass=\"so-widget-sow-editor so-widget-sow-editor-base\"\n\t\t\t\n\t\t><h3 class=\"widget-title\">Opstart 7 August 2019<\/h3>\n<div class=\"siteorigin-widget-tinymce textwidget\">\n\t<p>Begge undulater er engelske<\/p>\n<p>1 \u00e6g er lagt 1\/9<\/p>\n<p>2 \u00e6g er lagt 3\/9<\/p>\n<\/div>\n<\/div><\/div><\/div><\/div><\/div><div id=\"pg-95-3\"  class=\"panel-grid panel-has-style\" ><div class=\"panel-row-style panel-row-style-for-95-3\" ><div id=\"pgc-95-3-0\"  class=\"panel-grid-cell\" ><div id=\"panel-95-3-0-0\" class=\"so-panel widget widget_sow-editor panel-first-child panel-last-child\" data-index=\"4\" ><div class=\"panel-widget-style panel-widget-style-for-95-3-0-0\" ><div\n\t\t\t\n\t\t\tclass=\"so-widget-sow-editor so-widget-sow-editor-base\"\n\t\t\t\n\t\t><h3 class=\"widget-title\">Bl\u00e5 (Normaltegnet Gulmasket Himmelbl\u00e5) og Kizu (Australskbroget Gulmasket Gr\u00e5gr\u00f8n)<\/h3>\n<div class=\"siteorigin-widget-tinymce textwidget\">\n\t<p><img loading=\"lazy\" decoding=\"async\" class=\"size-medium wp-image-1588 alignnone\" src=\"https:\/\/undulater.nu\/wp-content\/uploads\/F0836160-575F-4643-A3C6-CA02F5C4EADA-e1567861046625-225x300.jpeg\" alt=\"\" width=\"225\" height=\"300\" srcset=\"https:\/\/undulater.nu\/wp-content\/uploads\/F0836160-575F-4643-A3C6-CA02F5C4EADA-e1567861046625-225x300.jpeg 225w, https:\/\/undulater.nu\/wp-content\/uploads\/F0836160-575F-4643-A3C6-CA02F5C4EADA-e1567861046625-768x1024.jpeg 768w\" sizes=\"auto, (max-width: 225px) 100vw, 225px\" \/><img loading=\"lazy\" decoding=\"async\" class=\"size-medium wp-image-1589 alignleft\" src=\"https:\/\/undulater.nu\/wp-content\/uploads\/A162A981-23C8-49F6-9E22-BD6CEA8452D4-300x225.jpeg\" alt=\"\" width=\"300\" height=\"225\" srcset=\"https:\/\/undulater.nu\/wp-content\/uploads\/A162A981-23C8-49F6-9E22-BD6CEA8452D4-300x225.jpeg 300w, https:\/\/undulater.nu\/wp-content\/uploads\/A162A981-23C8-49F6-9E22-BD6CEA8452D4-768x576.jpeg 768w, https:\/\/undulater.nu\/wp-content\/uploads\/A162A981-23C8-49F6-9E22-BD6CEA8452D4-1024x768.jpeg 1024w\" sizes=\"auto, (max-width: 300px) 100vw, 300px\" \/><\/p>\n<\/div>\n<\/div><\/div><\/div><\/div><div id=\"pgc-95-3-1\"  class=\"panel-grid-cell\" ><div id=\"panel-95-3-1-0\" class=\"so-panel widget widget_sow-editor panel-first-child panel-last-child\" data-index=\"5\" ><div class=\"panel-widget-style panel-widget-style-for-95-3-1-0\" ><div\n\t\t\t\n\t\t\tclass=\"so-widget-sow-editor so-widget-sow-editor-base\"\n\t\t\t\n\t\t><h3 class=\"widget-title\">Opstart 30 August 2019<\/h3>\n<div class=\"siteorigin-widget-tinymce textwidget\">\n\t<p>Bl\u00e5 er Australsk Kizu er Engelsk<\/p>\n<p>Normalt blander jeg ikke Australsk og Engelsk, men de her 2 har v\u00e6ret forelskede i MEGET lang tid, og hun har gentagne gange lagt \u00e6g i volieren, og har udhulet v\u00e6g og gravet huller og fors\u00f8gt at lave rede. S\u00e5 nu synes jeg de skulle have et enkelt kuld...<\/p>\n<p>1 \u00e6g er lagt 1\/9<\/p>\n<p>2 \u00e6g er lagt 3\/9<\/p>\n<p>3 \u00e6g er lagt 5\/9<\/p>\n<p>4 \u00e6g er lagt 7\/9<\/p>\n<p>5 \u00e6g er lagt 9\/9<\/p>\n<p>6 \u00e6g er lagt 11\/9\u00a0\u00a0\u00a0\u00a0\u00a0\u00a0\u00a0\u00a0\u00a0\u00a0\u00a0\u00a0\u00a0\u00a0\u00a0\u00a0\u00a0\u00a0\u00a0\u00a0\u00a0\u00a0\u00a0\u00a0\u00a0\u00a0\u00a0\u00a0\u00a0\u00a0\u00a0\u00a0\u00a0\u00a0\u00a0\u00a0\u00a0\u00a0\u00a0\u00a0\u00a0\u00a0\u00a0\u00a0\u00a0\u00a0\u00a0\u00a0 <img loading=\"lazy\" decoding=\"async\" class=\"alignleft size-medium wp-image-1602\" src=\"https:\/\/undulater.nu\/wp-content\/uploads\/8E9EA8B2-AFFD-41A9-96D1-B93F9C6D0233-300x225.jpeg\" alt=\"\" width=\"300\" height=\"225\" srcset=\"https:\/\/undulater.nu\/wp-content\/uploads\/8E9EA8B2-AFFD-41A9-96D1-B93F9C6D0233-300x225.jpeg 300w, https:\/\/undulater.nu\/wp-content\/uploads\/8E9EA8B2-AFFD-41A9-96D1-B93F9C6D0233-768x576.jpeg 768w, https:\/\/undulater.nu\/wp-content\/uploads\/8E9EA8B2-AFFD-41A9-96D1-B93F9C6D0233-1024x768.jpeg 1024w\" sizes=\"auto, (max-width: 300px) 100vw, 300px\" \/><\/p>\n<p>7 \u00e6g er lagt 13\/9<\/p>\n<p>1 \u00e6g er kl\u00e6kket 20\/9<\/p>\n<p>2 \u00e6g er kl\u00e6kket 22\/9<\/p>\n<\/div>\n<\/div><\/div><\/div><\/div><\/div><\/div><\/div>","protected":false},"excerpt":{"rendered":"<p>&nbsp; Begge undulater er engelske\u00a0\u00a0\u00a0\u00a0\u00a0\u00a0\u00a0\u00a0\u00a0\u00a0\u00a0\u00a0\u00a0\u00a0\u00a0\u00a0\u00a0\u00a0\u00a0\u00a0\u00a0\u00a0\u00a0\u00a0\u00a0\u00a0\u00a0\u00a0\u00a0\u00a0\u00a0\u00a0\u00a0\u00a0\u00a0\u00a0\u00a0\u00a0\u00a0\u00a0\u00a0\u00a0\u00a0\u00a0\u00a0\u00a0\u00a0\u00a0\u00a0\u00a0\u00a0\u00a0\u00a0\u00a0\u00a0\u00a0\u00a0\u00a0\u00a0\u00a0\u00a0\u00a0\u00a0\u00a0\u00a0\u00a0\u00a0\u00a0\u00a0\u00a0\u00a0\u00a0\u00a0\u00a0\u00a0\u00a0\u00a0\u00a0\u00a0\u00a0\u00a0\u00a0\u00a0\u00a0\u00a0\u00a0\u00a0\u00a0\u00a0\u00a0\u00a0\u00a0\u00a0\u00a0\u00a0\u00a0\u00a0\u00a0\u00a0\u00a0 1 \u00e6g er lagt 17\/8 2 \u00e6g er lagt 19\/8 3 \u00e6g er lagt 26\/8 4 \u00e6g er lagt 28\/8 5 \u00e6g er lagt 30\/ 6 \u00e6g er lagt 1\/9 1 \u00e6g kl\u00e6kket 19\/9 2 \u00e6g er kl\u00e6kket 23\/9 &nbsp;<\/p>\n","protected":false},"author":2,"featured_media":0,"parent":0,"menu_order":3,"comment_status":"closed","ping_status":"closed","template":"","meta":{"footnotes":""},"class_list":["post-95","page","type-page","status-publish","hentry"],"_links":{"self":[{"href":"https:\/\/undulater.nu\/index.php?rest_route=\/wp\/v2\/pages\/95","targetHints":{"allow":["GET"]}}],"collection":[{"href":"https:\/\/undulater.nu\/index.php?rest_route=\/wp\/v2\/pages"}],"about":[{"href":"https:\/\/undulater.nu\/index.php?rest_route=\/wp\/v2\/types\/page"}],"author":[{"embeddable":true,"href":"https:\/\/undulater.nu\/index.php?rest_route=\/wp\/v2\/users\/2"}],"replies":[{"embeddable":true,"href":"https:\/\/undulater.nu\/index.php?rest_route=%2Fwp%2Fv2%2Fcomments&post=95"}],"version-history":[{"count":701,"href":"https:\/\/undulater.nu\/index.php?rest_route=\/wp\/v2\/pages\/95\/revisions"}],"predecessor-version":[{"id":1605,"href":"https:\/\/undulater.nu\/index.php?rest_route=\/wp\/v2\/pages\/95\/revisions\/1605"}],"wp:attachment":[{"href":"https:\/\/undulater.nu\/index.php?rest_route=%2Fwp%2Fv2%2Fmedia&parent=95"}],"curies":[{"name":"wp","href":"https:\/\/api.w.org\/{rel}","templated":true}]}}